{"id":5006,"date":"2022-05-05T12:32:26","date_gmt":"2022-05-05T12:32:26","guid":{"rendered":"https:\/\/jkatz.shop\/?post_type=product&#038;p=5006"},"modified":"2024-05-17T10:00:11","modified_gmt":"2024-05-17T10:00:11","slug":"rose-gold-hamsa-pendant","status":"publish","type":"product","link":"https:\/\/jkatz.shop\/it\/prodotto\/rose-gold-hamsa-pendant\/","title":{"rendered":"Rose Gold Hamsa Pendant"},"content":{"rendered":"<p>[et_pb_section fb_built=&#8221;1&#8243; _builder_version=&#8221;4.16&#8243; custom_padding=&#8221;0px||||false|false&#8221; global_colors_info=&#8221;{}&#8221;][et_pb_row _builder_version=&#8221;4.16&#8243; background_size=&#8221;initial&#8221; background_position=&#8221;top_left&#8221; background_repeat=&#8221;repeat&#8221; width=&#8221;100%&#8221; custom_padding=&#8221;0px||0px||false|false&#8221; global_colors_info=&#8221;{}&#8221;][et_pb_column type=&#8221;4_4&#8243; _builder_version=&#8221;4.16&#8243; custom_padding=&#8221;|||&#8221; global_colors_info=&#8221;{}&#8221; custom_padding__hover=&#8221;|||&#8221;][et_pb_wc_breadcrumb _builder_version=&#8221;4.16&#8243; global_colors_info=&#8221;{}&#8221;][\/et_pb_wc_breadcrumb][et_pb_wc_cart_notice _builder_version=&#8221;4.16&#8243; global_colors_info=&#8221;{}&#8221;][\/et_pb_wc_cart_notice][\/et_pb_column][\/et_pb_row][et_pb_row column_structure=&#8221;1_2,1_2&#8243; _builder_version=&#8221;4.16&#8243; background_size=&#8221;initial&#8221; background_position=&#8221;top_left&#8221; background_repeat=&#8221;repeat&#8221; width=&#8221;100%&#8221; custom_padding=&#8221;0px||||false|false&#8221; global_colors_info=&#8221;{}&#8221;][et_pb_column type=&#8221;1_2&#8243; _builder_version=&#8221;4.16&#8243; custom_padding=&#8221;|||&#8221; global_colors_info=&#8221;{}&#8221; custom_padding__hover=&#8221;|||&#8221;][et_pb_wc_images _builder_version=&#8221;4.16&#8243; global_colors_info=&#8221;{}&#8221;][\/et_pb_wc_images][\/et_pb_column][et_pb_column type=&#8221;1_2&#8243; _builder_version=&#8221;4.16&#8243; custom_padding=&#8221;|||&#8221; global_colors_info=&#8221;{}&#8221; custom_padding__hover=&#8221;|||&#8221;][et_pb_wc_title _builder_version=&#8221;4.16&#8243; global_colors_info=&#8221;{}&#8221;][\/et_pb_wc_title][et_pb_wc_rating _builder_version=&#8221;4.16&#8243; global_colors_info=&#8221;{}&#8221;][\/et_pb_wc_rating][et_pb_wc_price _builder_version=&#8221;4.16&#8243; global_colors_info=&#8221;{}&#8221;][\/et_pb_wc_price][et_pb_wc_description _builder_version=&#8221;4.25.0&#8243; hover_enabled=&#8221;0&#8243; global_colors_info=&#8221;{}&#8221; description_type=&#8221;description&#8221; sticky_enabled=&#8221;0&#8243;][\/et_pb_wc_description][et_pb_wc_add_to_cart _builder_version=&#8221;4.16&#8243; global_colors_info=&#8221;{}&#8221;][\/et_pb_wc_add_to_cart][et_pb_wc_meta _builder_version=&#8221;4.16&#8243; global_colors_info=&#8221;{}&#8221;][\/et_pb_wc_meta][\/et_pb_column][\/et_pb_row][et_pb_row _builder_version=&#8221;4.16&#8243; background_size=&#8221;initial&#8221; background_position=&#8221;top_left&#8221; background_repeat=&#8221;repeat&#8221; width=&#8221;100%&#8221; global_colors_info=&#8221;{}&#8221;][et_pb_column type=&#8221;4_4&#8243; _builder_version=&#8221;4.16&#8243; custom_padding=&#8221;|||&#8221; global_colors_info=&#8221;{}&#8221; custom_padding__hover=&#8221;|||&#8221;][et_pb_wc_tabs _builder_version=&#8221;4.16&#8243; global_colors_info=&#8221;{}&#8221;]\t\t\t\t\t[\/et_pb_wc_tabs][et_pb_wc_upsells _builder_version=&#8221;4.16&#8243; global_colors_info=&#8221;{}&#8221;][\/et_pb_wc_upsells][et_pb_wc_related_products _builder_version=&#8221;4.16&#8243; global_colors_info=&#8221;{}&#8221;][\/et_pb_wc_related_products][\/et_pb_column][\/et_pb_row][\/et_pb_section]<\/p>","protected":false},"excerpt":{"rendered":"<div data-test='contact-form' id='contact-form-5006' class='wp-block-jetpack-contact-form-container'>\n<form action='https:\/\/jkatz.shop\/it\/prodotto\/rose-gold-hamsa-pendant\/#contact-form-5006' method='post' class='contact-form commentsblock' aria-label=\"Rose Gold Hamsa Pendant\" novalidate data-trp-original-action=\"https:\/\/jkatz.shop\/it\/prodotto\/rose-gold-hamsa-pendant\/#contact-form-5006\">\n\n<div style=\"\" class='grunion-field-name-wrap grunion-field-wrap'  >\n<label\n\t\t\t\tfor='g5006-name'\n\t\t\t\tclass='grunion-field-label name'>Name<span class=\"grunion-label-required\" aria-hidden=\"true\">(obbligatorio)<\/span><\/label>\n<input\n\t\t\t\t\ttype='text'\n\t\t\t\t\tname='g5006-name'\n\t\t\t\t\tid='g5006-name'\n\t\t\t\t\tvalue=''\n\t\t\t\t\tclass='name  grunion-field' \n\t\t\t\t\trequired aria-required='true' \/>\n\t<\/div>\n\n<div style=\"\" class='grunion-field-email-wrap grunion-field-wrap'  >\n<label\n\t\t\t\tfor='g5006-email'\n\t\t\t\tclass='grunion-field-label email'>Email<span class=\"grunion-label-required\" aria-hidden=\"true\">(obbligatorio)<\/span><\/label>\n<input\n\t\t\t\t\ttype='email'\n\t\t\t\t\tname='g5006-email'\n\t\t\t\t\tid='g5006-email'\n\t\t\t\t\tvalue=''\n\t\t\t\t\tclass='email  grunion-field' \n\t\t\t\t\trequired aria-required='true' \/>\n\t<\/div>\n\n<div style=\"\" class='grunion-field-url-wrap grunion-field-wrap'  >\n<label\n\t\t\t\tfor='g5006-website'\n\t\t\t\tclass='grunion-field-label url'>Website<\/label>\n<input\n\t\t\t\t\ttype='text'\n\t\t\t\t\tname='g5006-website'\n\t\t\t\t\tid='g5006-website'\n\t\t\t\t\tvalue=''\n\t\t\t\t\tclass='url  grunion-field' \n\t\t\t\t\ttitle=\"Inserisci un URL valido - https:\/\/www.example.com\" oninvalid=\"setCustomValidity(&quot;Inserisci un URL valido - https:\/\/www.example.com&quot;)\" oninput=\"setCustomValidity(&quot;&quot;)\" pattern=\"(?:(?:[Hh][Tt][Tt][Pp][Ss]?|[Ff][Tt][Pp]):\\\/\\\/)?(?:\\S+(?::\\S*)?@|\\d{1,3}(?:\\.\\d{1,3}){3}|(?:(?:[a-zA-Z\\d\\u00a1-\\uffff]+-?)*[a-zA-Z\\d\\u00a1-\\uffff]+)(?:\\.(?:[a-zA-Z\\d\\u00a1-\\uffff]+-?)*[a-zA-Z\\d\\u00a1-\\uffff]+)*(?:\\.[a-zA-Z\\u00a1-\\uffff]{2,6}))(?::\\d+)?(?:[^\\s]*)?\" data-type-override=\"url\"  \/>\n\t<\/div>\n\n<div style=\"\" class='grunion-field-textarea-wrap grunion-field-wrap'  >\n<label\n\t\t\t\tfor='contact-form-comment-g5006-message'\n\t\t\t\tclass='grunion-field-label textarea'>Message<\/label>\n<textarea\n\t\t                style=''\n\t\t                name='g5006-message'\n\t\t                id='contact-form-comment-g5006-message'\n\t\t                rows='20' class='textarea  grunion-field'  ><\/textarea>\n\t<\/div>\n\t<p class='contact-submit'>\n\t\t<button type='submit' class='pushbutton-wide'>Invia<\/button>\t\t<input type='hidden' name='contact-form-id' value='5006' \/>\n\t\t<input type='hidden' name='action' value='grunion-contact-form' \/>\n\t\t<input type='hidden' name='contact-form-hash' value='188adf6097bbe9ca52981c08b95e0658465aca26' \/>\n\t<\/p>\n<input type=\"hidden\" name=\"trp-form-language\" value=\"it\"\/><\/form>\n<\/div>","protected":false},"featured_media":5007,"comment_status":"open","ping_status":"closed","template":"","meta":{"_et_pb_use_builder":"on","_et_pb_old_content":"D\u00e9couvrez l'exquise beaut\u00e9 et la symbolique profonde du pendentif Hamsa en or rose 18 carats, agr\u00e9ment\u00e9 d'une touche de noir. Chaque d\u00e9tail de ce bijou est soigneusement con\u00e7u pour capturer l'essence de la protection et de la positivit\u00e9. Pesant 7 grammes d'or pur, ce pendentif est accompagn\u00e9 d'une d\u00e9licate cha\u00eene, ajoutant une touche de raffinement \u00e0 votre style. Que ce soit pour vous-m\u00eame ou comme un cadeau pr\u00e9cieux pour un \u00eatre cher, ce pendentif Hamsa incarne l'\u00e9l\u00e9gance intemporelle et la signification profonde de la tradition.","_et_gb_content_width":"","jetpack_publicize_message":"","jetpack_publicize_feature_enabled":true,"jetpack_social_post_already_shared":false,"jetpack_social_options":{"image_generator_settings":{"template":"highway","enabled":false},"version":2}},"product_brand":[],"product_cat":[76],"product_tag":[641,507,736,615,612,685,441,737,683,413,403],"class_list":{"0":"post-5006","1":"product","2":"type-product","3":"status-publish","4":"has-post-thumbnail","6":"product_cat-pendant","7":"product_tag-18ktgold","8":"product_tag-finejewelry","9":"product_tag-halfmoonpendant","10":"product_tag-handcraftedjewelry","11":"product_tag-luxurypendant","12":"product_tag-pendantdesign","13":"product_tag-proantic_","14":"product_tag-rosegoldjewelry","15":"product_tag-rosegoldpendant","16":"product_tag-jkatz","17":"product_tag-jkatzvintagejewels","19":"first","20":"instock","21":"purchasable","22":"product-type-simple"},"jetpack_publicize_connections":[],"yoast_head":"<!-- This site is optimized with the Yoast SEO Premium plugin v24.6 (Yoast SEO v26.9) - https:\/\/yoast.com\/product\/yoast-seo-premium-wordpress\/ -->\n<title>Rose Gold Hamsa Pendant<\/title>\n<meta name=\"description\" content=\"Discover the epitome of elegance with our handcrafted Rose Gold Hamsa Pendant Embrace protection and beauty with our exquisite collection, curated\" \/>\n<meta name=\"robots\" content=\"index, follow, max-snippet:-1, max-image-preview:large, max-video-preview:-1\" \/>\n<link rel=\"canonical\" href=\"https:\/\/jkatz.shop\/it\/prodotto\/rose-gold-hamsa-pendant\/\" \/>\n<meta property=\"og:locale\" content=\"it_IT\" \/>\n<meta property=\"og:type\" content=\"article\" \/>\n<meta property=\"og:title\" content=\"Rose Gold Hamsa Pendant\" \/>\n<meta property=\"og:description\" content=\"Discover the epitome of elegance with our handcrafted Rose Gold Hamsa Pendant Embrace protection and beauty with our exquisite collection, curated\" \/>\n<meta property=\"og:url\" content=\"https:\/\/jkatz.shop\/it\/prodotto\/rose-gold-hamsa-pendant\/\" \/>\n<meta property=\"og:site_name\" content=\"JKatz\" \/>\n<meta property=\"article:publisher\" content=\"https:\/\/www.facebook.com\/Jkatzvintagejewels\" \/>\n<meta property=\"article:modified_time\" content=\"2024-05-17T10:00:11+00:00\" \/>\n<meta property=\"og:image\" content=\"https:\/\/jkatz.shop\/wp-content\/uploads\/2022\/05\/F6CDD89E-DE97-4641-BD44-283ED538A650.jpeg\" \/>\n\t<meta property=\"og:image:width\" content=\"1440\" \/>\n\t<meta property=\"og:image:height\" content=\"1278\" \/>\n\t<meta property=\"og:image:type\" content=\"image\/jpeg\" \/>\n<meta name=\"twitter:card\" content=\"summary_large_image\" \/>\n<meta name=\"twitter:label1\" content=\"Tempo di lettura stimato\" \/>\n\t<meta name=\"twitter:data1\" content=\"3 minuti\" \/>\n<script type=\"application\/ld+json\" class=\"yoast-schema-graph\">{\"@context\":\"https:\/\/schema.org\",\"@graph\":[{\"@type\":\"WebPage\",\"@id\":\"https:\/\/jkatz.shop\/product\/rose-gold-hamsa-pendant\/\",\"url\":\"https:\/\/jkatz.shop\/product\/rose-gold-hamsa-pendant\/\",\"name\":\"Rose Gold Hamsa Pendant\",\"isPartOf\":{\"@id\":\"https:\/\/jkatz.shop\/en\/#website\"},\"primaryImageOfPage\":{\"@id\":\"https:\/\/jkatz.shop\/product\/rose-gold-hamsa-pendant\/#primaryimage\"},\"image\":{\"@id\":\"https:\/\/jkatz.shop\/product\/rose-gold-hamsa-pendant\/#primaryimage\"},\"thumbnailUrl\":\"https:\/\/i0.wp.com\/jkatz.shop\/wp-content\/uploads\/2022\/05\/F6CDD89E-DE97-4641-BD44-283ED538A650.jpeg?fit=1440%2C1278&ssl=1\",\"datePublished\":\"2022-05-05T12:32:26+00:00\",\"dateModified\":\"2024-05-17T10:00:11+00:00\",\"description\":\"Discover the epitome of elegance with our handcrafted Rose Gold Hamsa Pendant Embrace protection and beauty with our exquisite collection, curated\",\"breadcrumb\":{\"@id\":\"https:\/\/jkatz.shop\/product\/rose-gold-hamsa-pendant\/#breadcrumb\"},\"inLanguage\":\"it-IT\",\"potentialAction\":[{\"@type\":\"ReadAction\",\"target\":[\"https:\/\/jkatz.shop\/product\/rose-gold-hamsa-pendant\/\"]}]},{\"@type\":\"ImageObject\",\"inLanguage\":\"it-IT\",\"@id\":\"https:\/\/jkatz.shop\/product\/rose-gold-hamsa-pendant\/#primaryimage\",\"url\":\"https:\/\/i0.wp.com\/jkatz.shop\/wp-content\/uploads\/2022\/05\/F6CDD89E-DE97-4641-BD44-283ED538A650.jpeg?fit=1440%2C1278&ssl=1\",\"contentUrl\":\"https:\/\/i0.wp.com\/jkatz.shop\/wp-content\/uploads\/2022\/05\/F6CDD89E-DE97-4641-BD44-283ED538A650.jpeg?fit=1440%2C1278&ssl=1\",\"width\":1440,\"height\":1278,\"caption\":\"Hamsa Pendant 18kt\"},{\"@type\":\"BreadcrumbList\",\"@id\":\"https:\/\/jkatz.shop\/product\/rose-gold-hamsa-pendant\/#breadcrumb\",\"itemListElement\":[{\"@type\":\"ListItem\",\"position\":1,\"name\":\"Home\",\"item\":\"https:\/\/jkatz.shop\/\"},{\"@type\":\"ListItem\",\"position\":2,\"name\":\"Shop\",\"item\":\"https:\/\/jkatz.shop\/it\/shop\/\"},{\"@type\":\"ListItem\",\"position\":3,\"name\":\"Rose Gold Hamsa Pendant\"}]},{\"@type\":\"WebSite\",\"@id\":\"https:\/\/jkatz.shop\/en\/#website\",\"url\":\"https:\/\/jkatz.shop\/en\/\",\"name\":\"J.Katz Vintage Jewels\",\"description\":\"\",\"publisher\":{\"@id\":\"https:\/\/jkatz.shop\/en\/#organization\"},\"alternateName\":\"J.Katz\",\"potentialAction\":[{\"@type\":\"SearchAction\",\"target\":{\"@type\":\"EntryPoint\",\"urlTemplate\":\"https:\/\/jkatz.shop\/en\/?s={search_term_string}\"},\"query-input\":{\"@type\":\"PropertyValueSpecification\",\"valueRequired\":true,\"valueName\":\"search_term_string\"}}],\"inLanguage\":\"it-IT\"},{\"@type\":\"Organization\",\"@id\":\"https:\/\/jkatz.shop\/en\/#organization\",\"name\":\"KATZ\",\"url\":\"https:\/\/jkatz.shop\/en\/\",\"logo\":{\"@type\":\"ImageObject\",\"inLanguage\":\"it-IT\",\"@id\":\"https:\/\/jkatz.shop\/en\/#\/schema\/logo\/image\/\",\"url\":\"https:\/\/i0.wp.com\/jkatz.shop\/wp-content\/uploads\/2020\/07\/cropped-FO71754EFC3F6-01-1.png?fit=512%2C512&ssl=1\",\"contentUrl\":\"https:\/\/i0.wp.com\/jkatz.shop\/wp-content\/uploads\/2020\/07\/cropped-FO71754EFC3F6-01-1.png?fit=512%2C512&ssl=1\",\"width\":512,\"height\":512,\"caption\":\"KATZ\"},\"image\":{\"@id\":\"https:\/\/jkatz.shop\/en\/#\/schema\/logo\/image\/\"},\"sameAs\":[\"https:\/\/www.facebook.com\/Jkatzvintagejewels\"],\"description\":\"Welcome to JKatz, where timeless elegance meets five decades of expertise in the art of jewellery craftsmanship. Nestled in the heart of Antwerp, the diamond capital of the world, JKatz has been a beacon of sophistication and luxury since its inception over 50 years ago. Specializing in vintage jewellery, each piece at JKatz tells a story of exquisite design and unparalleled beauty. Our discerning clientele, comprised of classy individuals with a penchant for authenticity, are drawn to the allure of real diamonds and gold meticulously curated by our skilled artisans. With a commitment to preserving the charm of yesteryears while embracing contemporary tastes, JKatz offers a curated collection that transcends trends, making each piece a timeless investment in luxury and refinement. Explore our showroom and indulge in the enchanting world of JKatz, where elegance knows no bounds.\",\"email\":\"info@jkatz.be\",\"telephone\":\"+3232319780\",\"legalName\":\"J.Katz Jewellers nv\",\"foundingDate\":\"1974-03-26\",\"vatID\":\"0404977077\",\"numberOfEmployees\":{\"@type\":\"QuantitativeValue\",\"minValue\":\"1\",\"maxValue\":\"10\"}}]}<\/script>\n<!-- \/ Yoast SEO Premium plugin. -->","yoast_head_json":{"title":"Rose Gold Hamsa Pendant","description":"Discover the epitome of elegance with our handcrafted Rose Gold Hamsa Pendant Embrace protection and beauty with our exquisite collection, curated","robots":{"index":"index","follow":"follow","max-snippet":"max-snippet:-1","max-image-preview":"max-image-preview:large","max-video-preview":"max-video-preview:-1"},"canonical":"https:\/\/jkatz.shop\/it\/prodotto\/rose-gold-hamsa-pendant\/","og_locale":"it_IT","og_type":"article","og_title":"Rose Gold Hamsa Pendant","og_description":"Discover the epitome of elegance with our handcrafted Rose Gold Hamsa Pendant Embrace protection and beauty with our exquisite collection, curated","og_url":"https:\/\/jkatz.shop\/it\/prodotto\/rose-gold-hamsa-pendant\/","og_site_name":"JKatz","article_publisher":"https:\/\/www.facebook.com\/Jkatzvintagejewels","article_modified_time":"2024-05-17T10:00:11+00:00","og_image":[{"width":1440,"height":1278,"url":"https:\/\/jkatz.shop\/wp-content\/uploads\/2022\/05\/F6CDD89E-DE97-4641-BD44-283ED538A650.jpeg","type":"image\/jpeg"}],"twitter_card":"summary_large_image","twitter_misc":{"Tempo di lettura stimato":"3 minuti"},"schema":{"@context":"https:\/\/schema.org","@graph":[{"@type":"WebPage","@id":"https:\/\/jkatz.shop\/product\/rose-gold-hamsa-pendant\/","url":"https:\/\/jkatz.shop\/product\/rose-gold-hamsa-pendant\/","name":"Rose Gold Hamsa Pendant","isPartOf":{"@id":"https:\/\/jkatz.shop\/en\/#website"},"primaryImageOfPage":{"@id":"https:\/\/jkatz.shop\/product\/rose-gold-hamsa-pendant\/#primaryimage"},"image":{"@id":"https:\/\/jkatz.shop\/product\/rose-gold-hamsa-pendant\/#primaryimage"},"thumbnailUrl":"https:\/\/i0.wp.com\/jkatz.shop\/wp-content\/uploads\/2022\/05\/F6CDD89E-DE97-4641-BD44-283ED538A650.jpeg?fit=1440%2C1278&ssl=1","datePublished":"2022-05-05T12:32:26+00:00","dateModified":"2024-05-17T10:00:11+00:00","description":"Discover the epitome of elegance with our handcrafted Rose Gold Hamsa Pendant Embrace protection and beauty with our exquisite collection, curated","breadcrumb":{"@id":"https:\/\/jkatz.shop\/product\/rose-gold-hamsa-pendant\/#breadcrumb"},"inLanguage":"it-IT","potentialAction":[{"@type":"ReadAction","target":["https:\/\/jkatz.shop\/product\/rose-gold-hamsa-pendant\/"]}]},{"@type":"ImageObject","inLanguage":"it-IT","@id":"https:\/\/jkatz.shop\/product\/rose-gold-hamsa-pendant\/#primaryimage","url":"https:\/\/i0.wp.com\/jkatz.shop\/wp-content\/uploads\/2022\/05\/F6CDD89E-DE97-4641-BD44-283ED538A650.jpeg?fit=1440%2C1278&ssl=1","contentUrl":"https:\/\/i0.wp.com\/jkatz.shop\/wp-content\/uploads\/2022\/05\/F6CDD89E-DE97-4641-BD44-283ED538A650.jpeg?fit=1440%2C1278&ssl=1","width":1440,"height":1278,"caption":"Hamsa Pendant 18kt"},{"@type":"BreadcrumbList","@id":"https:\/\/jkatz.shop\/product\/rose-gold-hamsa-pendant\/#breadcrumb","itemListElement":[{"@type":"ListItem","position":1,"name":"Home","item":"https:\/\/jkatz.shop\/"},{"@type":"ListItem","position":2,"name":"Shop","item":"https:\/\/jkatz.shop\/it\/shop\/"},{"@type":"ListItem","position":3,"name":"Rose Gold Hamsa Pendant"}]},{"@type":"WebSite","@id":"https:\/\/jkatz.shop\/en\/#website","url":"https:\/\/jkatz.shop\/en\/","name":"J.Katz Vintage Jewels","description":"","publisher":{"@id":"https:\/\/jkatz.shop\/en\/#organization"},"alternateName":"J.Katz","potentialAction":[{"@type":"SearchAction","target":{"@type":"EntryPoint","urlTemplate":"https:\/\/jkatz.shop\/en\/?s={search_term_string}"},"query-input":{"@type":"PropertyValueSpecification","valueRequired":true,"valueName":"search_term_string"}}],"inLanguage":"it-IT"},{"@type":"Organization","@id":"https:\/\/jkatz.shop\/en\/#organization","name":"KATZ","url":"https:\/\/jkatz.shop\/en\/","logo":{"@type":"ImageObject","inLanguage":"it-IT","@id":"https:\/\/jkatz.shop\/en\/#\/schema\/logo\/image\/","url":"https:\/\/i0.wp.com\/jkatz.shop\/wp-content\/uploads\/2020\/07\/cropped-FO71754EFC3F6-01-1.png?fit=512%2C512&ssl=1","contentUrl":"https:\/\/i0.wp.com\/jkatz.shop\/wp-content\/uploads\/2020\/07\/cropped-FO71754EFC3F6-01-1.png?fit=512%2C512&ssl=1","width":512,"height":512,"caption":"KATZ"},"image":{"@id":"https:\/\/jkatz.shop\/en\/#\/schema\/logo\/image\/"},"sameAs":["https:\/\/www.facebook.com\/Jkatzvintagejewels"],"description":"Welcome to JKatz, where timeless elegance meets five decades of expertise in the art of jewellery craftsmanship. Nestled in the heart of Antwerp, the diamond capital of the world, JKatz has been a beacon of sophistication and luxury since its inception over 50 years ago. Specializing in vintage jewellery, each piece at JKatz tells a story of exquisite design and unparalleled beauty. Our discerning clientele, comprised of classy individuals with a penchant for authenticity, are drawn to the allure of real diamonds and gold meticulously curated by our skilled artisans. With a commitment to preserving the charm of yesteryears while embracing contemporary tastes, JKatz offers a curated collection that transcends trends, making each piece a timeless investment in luxury and refinement. Explore our showroom and indulge in the enchanting world of JKatz, where elegance knows no bounds.","email":"info@jkatz.be","telephone":"+3232319780","legalName":"J.Katz Jewellers nv","foundingDate":"1974-03-26","vatID":"0404977077","numberOfEmployees":{"@type":"QuantitativeValue","minValue":"1","maxValue":"10"}}]}},"jetpack_sharing_enabled":true,"_links":{"self":[{"href":"https:\/\/jkatz.shop\/it\/wp-json\/wp\/v2\/product\/5006","targetHints":{"allow":["GET"]}}],"collection":[{"href":"https:\/\/jkatz.shop\/it\/wp-json\/wp\/v2\/product"}],"about":[{"href":"https:\/\/jkatz.shop\/it\/wp-json\/wp\/v2\/types\/product"}],"replies":[{"embeddable":true,"href":"https:\/\/jkatz.shop\/it\/wp-json\/wp\/v2\/comments?post=5006"}],"wp:featuredmedia":[{"embeddable":true,"href":"https:\/\/jkatz.shop\/it\/wp-json\/wp\/v2\/media\/5007"}],"wp:attachment":[{"href":"https:\/\/jkatz.shop\/it\/wp-json\/wp\/v2\/media?parent=5006"}],"wp:term":[{"taxonomy":"product_brand","embeddable":true,"href":"https:\/\/jkatz.shop\/it\/wp-json\/wp\/v2\/product_brand?post=5006"},{"taxonomy":"product_cat","embeddable":true,"href":"https:\/\/jkatz.shop\/it\/wp-json\/wp\/v2\/product_cat?post=5006"},{"taxonomy":"product_tag","embeddable":true,"href":"https:\/\/jkatz.shop\/it\/wp-json\/wp\/v2\/product_tag?post=5006"}],"curies":[{"name":"wp","href":"https:\/\/api.w.org\/{rel}","templated":true}]}}